{"id":91,"date":"2024-01-15T19:07:03","date_gmt":"2024-01-15T22:07:03","guid":{"rendered":"http:\/\/fbaf.org.br\/?page_id=91"},"modified":"2026-01-10T19:40:21","modified_gmt":"2026-01-10T22:40:21","slug":"a-federacao","status":"publish","type":"page","link":"https:\/\/fbaf.org.br\/","title":{"rendered":"A Federa\u00e7\u00e3o"},"content":{"rendered":"\t\t<div data-elementor-type=\"wp-page\" data-elementor-id=\"91\" class=\"elementor elementor-91\">\n\t\t\t\t<div class=\"elementor-element elementor-element-612ca4d e-flex e-con-boxed e-con e-parent\" data-id=\"612ca4d\" data-element_type=\"container\">\n\t\t\t\t\t<div class=\"e-con-inner\">\n\t\t\t\t<div class=\"elementor-element elementor-element-e310889 elementor-widget elementor-widget-heading\" data-id=\"e310889\" data-element_type=\"widget\" data-widget_type=\"heading.default\">\n\t\t\t\t<div class=\"elementor-widget-container\">\n\t\t\t\t\t<h1 class=\"elementor-heading-title elementor-size-default\">Federa\u00e7\u00e3o Baiana de Arco e Flecha<\/h1>\t\t\t\t<\/div>\n\t\t\t\t<\/div>\n\t\t\t\t<div class=\"elementor-element elementor-element-7032d6d elementor-arrows-position-inside elementor-pagination-position-outside elementor-widget elementor-widget-image-carousel\" data-id=\"7032d6d\" data-element_type=\"widget\" data-settings=\"{&quot;autoplay_speed&quot;:3000,&quot;navigation&quot;:&quot;both&quot;,&quot;autoplay&quot;:&quot;yes&quot;,&quot;infinite&quot;:&quot;yes&quot;,&quot;speed&quot;:500}\" data-widget_type=\"image-carousel.default\">\n\t\t\t\t<div class=\"elementor-widget-container\">\n\t\t\t\t\t\t\t<div class=\"elementor-image-carousel-wrapper swiper\" role=\"region\" aria-roledescription=\"carousel\" aria-label=\"Imagens da FBAF\" dir=\"ltr\">\n\t\t\t<div class=\"elementor-image-carousel swiper-wrapper\" aria-live=\"off\">\n\t\t\t\t\t\t\t\t<div class=\"swiper-slide\" role=\"group\" aria-roledescription=\"slide\" aria-label=\"1 de 10\"><figure class=\"swiper-slide-inner\"><img decoding=\"async\" class=\"swiper-slide-image\" src=\"https:\/\/fbaf.org.br\/wp-content\/uploads\/elementor\/thumbs\/foto01-rh98xmcdoqg7vqy5qardtmwc902kad32ykv6mend98.png\" alt=\"Melhores do Esporte 2022\" \/><figcaption class=\"elementor-image-carousel-caption\">Melhores do Esporte 2022<\/figcaption><\/figure><\/div><div class=\"swiper-slide\" role=\"group\" aria-roledescription=\"slide\" aria-label=\"2 de 10\"><figure class=\"swiper-slide-inner\"><img decoding=\"async\" class=\"swiper-slide-image\" src=\"https:\/\/fbaf.org.br\/wp-content\/uploads\/elementor\/thumbs\/foto02-rh98xsx90kp850olnvlrt38kep64s8t7bhfkzcdm1o.png\" alt=\"Brasileiro Adulto 2023\" \/><figcaption class=\"elementor-image-carousel-caption\">Brasileiro Adulto 2023<\/figcaption><\/figure><\/div><div class=\"swiper-slide\" role=\"group\" aria-roledescription=\"slide\" aria-label=\"3 de 10\"><figure class=\"swiper-slide-inner\"><img decoding=\"async\" class=\"swiper-slide-image\" src=\"https:\/\/fbaf.org.br\/wp-content\/uploads\/elementor\/thumbs\/alem01-rhgya7ay6el9s7sas6tlo27q6nc3tr6npo8liieqqk.jpg\" alt=\"Rangers e Alem 2025\" \/><figcaption class=\"elementor-image-carousel-caption\">Rangers e Alem 2025<\/figcaption><\/figure><\/div><div class=\"swiper-slide\" role=\"group\" aria-roledescription=\"slide\" aria-label=\"4 de 10\"><figure class=\"swiper-slide-inner\"><img decoding=\"async\" class=\"swiper-slide-image\" src=\"https:\/\/fbaf.org.br\/wp-content\/uploads\/elementor\/thumbs\/foto03-rh98xxmfyqvnr2hrwfmwnk1vdmiyuqbv04p0dq6n6k.png\" alt=\"Copa Nordeste 2023\" \/><figcaption class=\"elementor-image-carousel-caption\">Copa Nordeste 2023<\/figcaption><\/figure><\/div><div class=\"swiper-slide\" role=\"group\" aria-roledescription=\"slide\" aria-label=\"5 de 10\"><figure class=\"swiper-slide-inner\"><img decoding=\"async\" class=\"swiper-slide-image\" src=\"https:\/\/fbaf.org.br\/wp-content\/uploads\/elementor\/thumbs\/foto11-rhb0iqmpjs2y8pvivs723zgcm9alu4q9oo0l5gjs2k.jpeg\" alt=\"Clube Asas 2025\" \/><figcaption class=\"elementor-image-carousel-caption\">Clube Asas 2025<\/figcaption><\/figure><\/div><div class=\"swiper-slide\" role=\"group\" aria-roledescription=\"slide\" aria-label=\"6 de 10\"><figure class=\"swiper-slide-inner\"><img decoding=\"async\" class=\"swiper-slide-image\" src=\"https:\/\/fbaf.org.br\/wp-content\/uploads\/elementor\/thumbs\/foto10-rhaziu6mikxosw0virj1djljtg8wub7ceyzy9zs3q4.jpeg\" alt=\"Brasileiro Adulto 2024\" \/><figcaption class=\"elementor-image-carousel-caption\">Brasileiro Adulto 2024<\/figcaption><\/figure><\/div><div class=\"swiper-slide\" role=\"group\" aria-roledescription=\"slide\" aria-label=\"7 de 10\"><figure class=\"swiper-slide-inner\"><img decoding=\"async\" class=\"swiper-slide-image\" src=\"https:\/\/fbaf.org.br\/wp-content\/uploads\/elementor\/thumbs\/alem02-rhgya7ay6el9s7sas6tlo27q6nc3tr6npo8liieqqk.jpg\" alt=\"Meeting Paral\u00edmpico 2025\" \/><figcaption class=\"elementor-image-carousel-caption\">Meeting Paral\u00edmpico 2025<\/figcaption><\/figure><\/div><div class=\"swiper-slide\" role=\"group\" aria-roledescription=\"slide\" aria-label=\"8 de 10\"><figure class=\"swiper-slide-inner\"><img decoding=\"async\" class=\"swiper-slide-image\" src=\"https:\/\/fbaf.org.br\/wp-content\/uploads\/elementor\/thumbs\/foto04-rh98y47bal4o0c87u0han0e3jbmjcm1zd19eqnwvz0.png\" alt=\"Brasileiro Field 2024\" \/><figcaption class=\"elementor-image-carousel-caption\">Brasileiro Field 2024<\/figcaption><\/figure><\/div><div class=\"swiper-slide\" role=\"group\" aria-roledescription=\"slide\" aria-label=\"9 de 10\"><figure class=\"swiper-slide-inner\"><img decoding=\"async\" class=\"swiper-slide-image\" src=\"https:\/\/fbaf.org.br\/wp-content\/uploads\/elementor\/thumbs\/rangers01-rhgya88sd8mk3tqxmp888jz6s17h1gae1sw2zsdckc.jpg\" alt=\"Clube Rangers 2025\" \/><figcaption class=\"elementor-image-carousel-caption\">Clube Rangers 2025<\/figcaption><\/figure><\/div><div class=\"swiper-slide\" role=\"group\" aria-roledescription=\"slide\" aria-label=\"10 de 10\"><figure class=\"swiper-slide-inner\"><img decoding=\"async\" class=\"swiper-slide-image\" src=\"https:\/\/fbaf.org.br\/wp-content\/uploads\/elementor\/thumbs\/foto05-rh98ybq0t9eyl7xam3qb6yhsaelh26vu22hakvlql8.png\" alt=\"Brasileiro Adulto 2024\" \/><figcaption class=\"elementor-image-carousel-caption\">Brasileiro Adulto 2024<\/figcaption><\/figure><\/div>\t\t\t<\/div>\n\t\t\t\t\t\t\t\t\t\t\t\t<div class=\"elementor-swiper-button elementor-swiper-button-prev\" role=\"button\" tabindex=\"0\">\n\t\t\t\t\t\t<svg aria-hidden=\"true\" class=\"e-font-icon-svg e-eicon-chevron-left\" viewBox=\"0 0 1000 1000\" xmlns=\"http:\/\/www.w3.org\/2000\/svg\"><path d=\"M646 125C629 125 613 133 604 142L308 442C296 454 292 471 292 487 292 504 296 521 308 533L604 854C617 867 629 875 646 875 663 875 679 871 692 858 704 846 713 829 713 812 713 796 708 779 692 767L438 487 692 225C700 217 708 204 708 187 708 171 704 154 692 142 675 129 663 125 646 125Z\"><\/path><\/svg>\t\t\t\t\t<\/div>\n\t\t\t\t\t<div class=\"elementor-swiper-button elementor-swiper-button-next\" role=\"button\" tabindex=\"0\">\n\t\t\t\t\t\t<svg aria-hidden=\"true\" class=\"e-font-icon-svg e-eicon-chevron-right\" viewBox=\"0 0 1000 1000\" xmlns=\"http:\/\/www.w3.org\/2000\/svg\"><path d=\"M696 533C708 521 713 504 713 487 713 471 708 454 696 446L400 146C388 133 375 125 354 125 338 125 325 129 313 142 300 154 292 171 292 187 292 204 296 221 308 233L563 492 304 771C292 783 288 800 288 817 288 833 296 850 308 863 321 871 338 875 354 875 371 875 388 867 400 854L696 533Z\"><\/path><\/svg>\t\t\t\t\t<\/div>\n\t\t\t\t\n\t\t\t\t\t\t\t\t\t<div class=\"swiper-pagination\"><\/div>\n\t\t\t\t\t\t\t\t\t<\/div>\n\t\t\t\t\t\t<\/div>\n\t\t\t\t<\/div>\n\t\t\t\t\t<\/div>\n\t\t\t\t<\/div>\n\t\t<div class=\"elementor-element elementor-element-789c146 e-flex e-con-boxed e-con e-parent\" data-id=\"789c146\" data-element_type=\"container\">\n\t\t\t\t\t<div class=\"e-con-inner\">\n\t\t<div class=\"elementor-element elementor-element-9fd4bcd e-con-full e-flex e-con e-child\" data-id=\"9fd4bcd\" data-element_type=\"container\">\n\t\t\t\t<div class=\"elementor-element elementor-element-981f350 elementor-widget elementor-widget-text-editor\" data-id=\"981f350\" data-element_type=\"widget\" data-widget_type=\"text-editor.default\">\n\t\t\t\t<div class=\"elementor-widget-container\">\n\t\t\t\t\t\t\t\t\t<div id=\"comp-kn0rngln2\" class=\"KcpHeO tz5f0K comp-kn0rngln2 wixui-rich-text\" data-testid=\"richTextElement\"><p class=\"font_9 wixui-rich-text__text\" style=\"text-align: left;\"><span class=\"wixui-rich-text__text\" style=\"color: #000000;\">A Federa\u00e7\u00e3o Baiana de Arco e Flecha (FBAF) \u00e9 uma associa\u00e7\u00e3o esportiva respons\u00e1vel pelo pr\u00e1tica do Tiro com Arco no estado da Bahia, tanto na modalidade esportiva, tal como meio educacional e tamb\u00e9m como ferramenta de inclus\u00e3o social.<\/span><\/p><p>A FBAF \u00e9 filiada \u00e0 <a href=\"http:\/\/brasilarco.org.br\">Confedera\u00e7\u00e3o Brasileira de Tiro com Arco (CBTARCO)<\/a>, vinculada \u00e0 <a href=\"https:\/\/www.sudesb.ba.gov.br\/\">Superintend\u00eancia de Esportes da Bahia (SUDESB)<\/a> e a entidades municipais do esporte baiano.<\/p><hr \/><h3 class=\"font_9 wixui-rich-text__text\" style=\"text-align: left;\"><span style=\"color: #000000;\"><a href=\"https:\/\/fbaf.org.br\/wp-content\/uploads\/2026\/01\/Guia-Anuidade-2026-v1.0.pdf\"><strong>Como me filio \u00e0 FBAF? CLIQUE AQUI!!!<\/strong><\/a><\/span><\/h3><p><a href=\"https:\/\/fbaf.org.br\/wp-content\/uploads\/2026\/01\/Guia-Filiacao-Nacional-2026.pdf\">Guia para Filia\u00e7\u00e3o Nacional (Brasil Arco)<\/a><\/p><\/div>\t\t\t\t\t\t\t\t<\/div>\n\t\t\t\t<\/div>\n\t\t\t\t<\/div>\n\t\t<div class=\"elementor-element elementor-element-cfc1965 e-con-full e-flex e-con e-child\" data-id=\"cfc1965\" data-element_type=\"container\">\n\t\t\t\t<div class=\"elementor-element elementor-element-57769e0 eael-flipbox-content-align-center elementor-widget elementor-widget-eael-flip-box\" data-id=\"57769e0\" data-element_type=\"widget\" data-widget_type=\"eael-flip-box.default\">\n\t\t\t\t<div class=\"elementor-widget-container\">\n\t\t\t\t\t        <div class=\"eael-elements-flip-box-container eael-animate-flip eael-animate-up eael-content eael-flip-box-hover eael-flipbox-fixed-height eael-flipbox-dynamic\">\n\n            <div class=\"eael-elements-flip-box-flip-card\">\n                <div class=\"eael-elements-flip-box-front-container\">\n                    \n                    \n                        <div class=\"eael-elements-slider-display-table\">\n                            <div class=\"eael-elements-flip-box-vertical-align\">\n                                <div class=\"eael-elements-flip-box-padding\">\n                                    <div class=\"eael-elements-flip-box-icon-image\">\n                                                                            <\/div>\n                                                                        <div class=\"eael-elements-flip-box-content\">\n\t                                                                        <\/div>\n                                <\/div>\n                            <\/div>\n                        <\/div>\n                                    <\/div>\n\n                <div class=\"eael-elements-flip-box-rear-container\">\n                                                                <div class=\"eael-elements-slider-display-table\">\n                            <div class=\"eael-elements-flip-box-vertical-align\">\n                                <div class=\"eael-elements-flip-box-padding\">\n                                                                                                            <div class=\"eael-elements-flip-box-content\">\n                                                                            <\/div>\n\n                                                                    <\/div>\n                            <\/div>\n                        <\/div>\n                                    <\/div>\n            <\/div>\n        <\/div>\n        \t\t\t\t<\/div>\n\t\t\t\t<\/div>\n\t\t\t\t<\/div>\n\t\t\t\t\t<\/div>\n\t\t\t\t<\/div>\n\t\t\t\t<\/div>\n\t\t","protected":false},"excerpt":{"rendered":"<p>Federa\u00e7\u00e3o Baiana de Arco e Flecha Melhores do Esporte 2022 Brasileiro Adulto 2023 Rangers e Alem 2025 Copa Nordeste 2023 Clube Asas 2025 Brasileiro Adulto 2024 Meeting Paral\u00edmpico 2025 Brasileiro [&hellip;]<\/p>\n","protected":false},"author":1,"featured_media":0,"parent":0,"menu_order":0,"comment_status":"closed","ping_status":"closed","template":"","meta":{"ocean_post_layout":"","ocean_both_sidebars_style":"","ocean_both_sidebars_content_width":0,"ocean_both_sidebars_sidebars_width":0,"ocean_sidebar":"","ocean_second_sidebar":"","ocean_disable_margins":"enable","ocean_add_body_class":"","ocean_shortcode_before_top_bar":"","ocean_shortcode_after_top_bar":"","ocean_shortcode_before_header":"","ocean_shortcode_after_header":"","ocean_has_shortcode":"","ocean_shortcode_after_title":"","ocean_shortcode_before_footer_widgets":"","ocean_shortcode_after_footer_widgets":"","ocean_shortcode_before_footer_bottom":"","ocean_shortcode_after_footer_bottom":"","ocean_display_top_bar":"default","ocean_display_header":"default","ocean_header_style":"","ocean_center_header_left_menu":"","ocean_custom_header_template":"","ocean_custom_logo":0,"ocean_custom_retina_logo":0,"ocean_custom_logo_max_width":0,"ocean_custom_logo_tablet_max_width":0,"ocean_custom_logo_mobile_max_width":0,"ocean_custom_logo_max_height":0,"ocean_custom_logo_tablet_max_height":0,"ocean_custom_logo_mobile_max_height":0,"ocean_header_custom_menu":"","ocean_menu_typo_font_family":"","ocean_menu_typo_font_subset":"","ocean_menu_typo_font_size":0,"ocean_menu_typo_font_size_tablet":0,"ocean_menu_typo_font_size_mobile":0,"ocean_menu_typo_font_size_unit":"px","ocean_menu_typo_font_weight":"","ocean_menu_typo_font_weight_tablet":"","ocean_menu_typo_font_weight_mobile":"","ocean_menu_typo_transform":"","ocean_menu_typo_transform_tablet":"","ocean_menu_typo_transform_mobile":"","ocean_menu_typo_line_height":0,"ocean_menu_typo_line_height_tablet":0,"ocean_menu_typo_line_height_mobile":0,"ocean_menu_typo_line_height_unit":"","ocean_menu_typo_spacing":0,"ocean_menu_typo_spacing_tablet":0,"ocean_menu_typo_spacing_mobile":0,"ocean_menu_typo_spacing_unit":"","ocean_menu_link_color":"","ocean_menu_link_color_hover":"","ocean_menu_link_color_active":"","ocean_menu_link_background":"","ocean_menu_link_hover_background":"","ocean_menu_link_active_background":"","ocean_menu_social_links_bg":"","ocean_menu_social_hover_links_bg":"","ocean_menu_social_links_color":"","ocean_menu_social_hover_links_color":"","ocean_disable_title":"on","ocean_disable_heading":"default","ocean_post_title":"","ocean_post_subheading":"","ocean_post_title_style":"","ocean_post_title_background_color":"","ocean_post_title_background":0,"ocean_post_title_bg_image_position":"","ocean_post_title_bg_image_attachment":"","ocean_post_title_bg_image_repeat":"","ocean_post_title_bg_image_size":"","ocean_post_title_height":0,"ocean_post_title_bg_overlay":0.5,"ocean_post_title_bg_overlay_color":"","ocean_disable_breadcrumbs":"default","ocean_breadcrumbs_color":"","ocean_breadcrumbs_separator_color":"","ocean_breadcrumbs_links_color":"","ocean_breadcrumbs_links_hover_color":"","ocean_display_footer_widgets":"default","ocean_display_footer_bottom":"default","ocean_custom_footer_template":"","footnotes":""},"class_list":["post-91","page","type-page","status-publish","hentry","entry"],"_links":{"self":[{"href":"https:\/\/fbaf.org.br\/index.php\/wp-json\/wp\/v2\/pages\/91","targetHints":{"allow":["GET"]}}],"collection":[{"href":"https:\/\/fbaf.org.br\/index.php\/wp-json\/wp\/v2\/pages"}],"about":[{"href":"https:\/\/fbaf.org.br\/index.php\/wp-json\/wp\/v2\/types\/page"}],"author":[{"embeddable":true,"href":"https:\/\/fbaf.org.br\/index.php\/wp-json\/wp\/v2\/users\/1"}],"replies":[{"embeddable":true,"href":"https:\/\/fbaf.org.br\/index.php\/wp-json\/wp\/v2\/comments?post=91"}],"version-history":[{"count":55,"href":"https:\/\/fbaf.org.br\/index.php\/wp-json\/wp\/v2\/pages\/91\/revisions"}],"predecessor-version":[{"id":1690,"href":"https:\/\/fbaf.org.br\/index.php\/wp-json\/wp\/v2\/pages\/91\/revisions\/1690"}],"wp:attachment":[{"href":"https:\/\/fbaf.org.br\/index.php\/wp-json\/wp\/v2\/media?parent=91"}],"curies":[{"name":"wp","href":"https:\/\/api.w.org\/{rel}","templated":true}]}}