{"id":101,"date":"2024-01-15T19:13:25","date_gmt":"2024-01-15T22:13:25","guid":{"rendered":"http:\/\/fbaf.org.br\/?page_id=101"},"modified":"2026-01-06T10:26:44","modified_gmt":"2026-01-06T13:26:44","slug":"convenios","status":"publish","type":"page","link":"https:\/\/fbaf.org.br\/index.php\/convenios\/","title":{"rendered":"Conv\u00eanios"},"content":{"rendered":"\t\t<div data-elementor-type=\"wp-page\" data-elementor-id=\"101\" class=\"elementor elementor-101\">\n\t\t\t\t<div class=\"elementor-element elementor-element-46a86be e-flex e-con-boxed e-con e-parent\" data-id=\"46a86be\" data-element_type=\"container\">\n\t\t\t\t\t<div class=\"e-con-inner\">\n\t\t\t\t<div class=\"elementor-element elementor-element-9fd497a elementor-widget elementor-widget-heading\" data-id=\"9fd497a\" data-element_type=\"widget\" data-widget_type=\"heading.default\">\n\t\t\t\t<div class=\"elementor-widget-container\">\n\t\t\t\t\t<h1 class=\"elementor-heading-title elementor-size-default\">Conv\u00eanios<\/h1>\t\t\t\t<\/div>\n\t\t\t\t<\/div>\n\t\t\t\t\t<\/div>\n\t\t\t\t<\/div>\n\t\t<div class=\"elementor-element elementor-element-5f484a3 e-flex e-con-boxed e-con e-parent\" data-id=\"5f484a3\" data-element_type=\"container\">\n\t\t\t\t\t<div class=\"e-con-inner\">\n\t\t\t\t<div class=\"elementor-element elementor-element-0f40c90 elementor-widget elementor-widget-text-editor\" data-id=\"0f40c90\" data-element_type=\"widget\" data-widget_type=\"text-editor.default\">\n\t\t\t\t<div class=\"elementor-widget-container\">\n\t\t\t\t\t\t\t\t\t<p class=\"font_8 wixui-rich-text__text\"><span class=\"wixui-rich-text__text\" style=\"color: #000000;\">Segue abaixo os conv\u00eanios celebrados entre a Federa\u00e7\u00e3o Baiana de Arco e Flecha e entidades de fomento e desenvolvimento esportivo.<\/span><\/p><p class=\"font_8 wixui-rich-text__text\"><span class=\"wixui-rich-text__text\" style=\"color: #000000;\">Conv\u00eanios s\u00e3o contratos feitos entre entidades p\u00fablicas com fins comuns que nos casos abaixo abrangem o desenvolvimento, a difus\u00e3o e melhorias no \u00e2mbito do esporte de Tiro com Arco.<\/span><\/p>\t\t\t\t\t\t\t\t<\/div>\n\t\t\t\t<\/div>\n\t\t\t\t\t<\/div>\n\t\t\t\t<\/div>\n\t\t<div class=\"elementor-element elementor-element-c9fde79 e-flex e-con-boxed e-con e-parent\" data-id=\"c9fde79\" data-element_type=\"container\">\n\t\t\t\t\t<div class=\"e-con-inner\">\n\t\t\t\t<div class=\"elementor-element elementor-element-4370b51 elementor-widget elementor-widget-text-editor\" data-id=\"4370b51\" data-element_type=\"widget\" data-widget_type=\"text-editor.default\">\n\t\t\t\t<div class=\"elementor-widget-container\">\n\t\t\t\t\t\t\t\t\t<p class=\"font_8 wixui-rich-text__text\">\u00a0<\/p><div class=\"\" data-mesh-id=\"comp-ljfnjdopinlineContent\" data-testid=\"inline-content\"><div data-mesh-id=\"comp-ljfnjdopinlineContent-gridContainer\" data-testid=\"mesh-container-content\"><div id=\"comp-ljfnjdos\" class=\"MazNVa comp-ljfnjdos wixui-image\"><div class=\"j7pOnl\" data-testid=\"linkElement\"><img fetchpriority=\"high\" decoding=\"async\" class=\"wp-image-1199 size-medium aligncenter\" src=\"https:\/\/fbaf.org.br\/wp-content\/uploads\/2024\/09\/capa-50broutdoor-294x300.png\" alt=\"\" width=\"294\" height=\"300\" srcset=\"https:\/\/fbaf.org.br\/wp-content\/uploads\/2024\/09\/capa-50broutdoor-294x300.png 294w, https:\/\/fbaf.org.br\/wp-content\/uploads\/2024\/09\/capa-50broutdoor.png 451w\" sizes=\"(max-width: 294px) 100vw, 294px\" \/><\/div><\/div><div id=\"comp-ljfnjdp2\" class=\"KcpHeO tz5f0K comp-ljfnjdp2 wixui-rich-text\" data-testid=\"richTextElement\"><p class=\"font_3 wixui-rich-text__text\" style=\"text-align: center;\"><span class=\"wixui-rich-text__text\">TF 075\/2024<\/span><\/p><\/div><div id=\"comp-ljfnjdp5\" class=\"KcpHeO tz5f0K comp-ljfnjdp5 wixui-rich-text\" data-testid=\"richTextElement\"><h2 class=\"font_3 wixui-rich-text__text\" style=\"text-align: center;\"><span class=\"color_11 wixui-rich-text__text\"><span class=\"wixui-rich-text__text\">50\u00ba CAMPEONATO BRASILEIRO DE TIRO COM ARCO OUTDOOR ADULTO\/OPEN<br \/><\/span><\/span><\/h2><\/div><div id=\"comp-ljfnjdp8\" class=\"KcpHeO tz5f0K comp-ljfnjdp8 wixui-rich-text\" data-testid=\"richTextElement\"><p class=\"font_8 wixui-rich-text__text\" style=\"text-align: left;\"><span class=\"color_11 wixui-rich-text__text\"><span class=\"wixui-rich-text__text\">\u200bAbaixo segue link para os documentos do conv\u00eanio:<\/span><\/span><\/p><ul><li style=\"text-align: left;\"><a href=\"https:\/\/www.ba.gov.br\/esporte\/sites\/site-sudesb\/files\/2024-08\/TF75.pdf\" target=\"_blank\" rel=\"noopener\">TERMO DE FOMENTO<\/a><\/li><li style=\"text-align: left;\"><a href=\"https:\/\/www.ba.gov.br\/esporte\/sites\/site-sudesb\/files\/2024-08\/PF75.pdf\" target=\"_blank\" rel=\"noopener\">PUBLICA\u00c7\u00c3O DO TERMO DE FOMENTO<\/a><\/li><li style=\"text-align: left;\"><a href=\"https:\/\/www.ba.gov.br\/esporte\/sites\/site-sudesb\/files\/2024-09\/AP75.pdf\" target=\"_blank\" rel=\"noopener\">PUBLICA\u00c7\u00c3O APOSTILAMENTO<\/a><\/li><li style=\"text-align: left;\"><a href=\"https:\/\/www.ba.gov.br\/esporte\/sites\/site-sudesb\/files\/2025-05\/PAMA75.pdf\">PLANO DE ACOMPANHAMENTO, MONITORAMENTO E AVALIA\u00c7\u00c3O<\/a><\/li><li style=\"text-align: left;\"><a href=\"https:\/\/www.ba.gov.br\/esporte\/sites\/site-sudesb\/files\/2025-05\/RMA75.pdf\" target=\"_blank\" rel=\"noopener\">RELAT\u00d3RIO T\u00c9CNICO DE MONITORAMENTO E AVALIA\u00c7\u00c3O<\/a><\/li><li style=\"text-align: left;\"><a href=\"https:\/\/www.ba.gov.br\/esporte\/sites\/site-sudesb\/files\/2025-05\/TH75.pdf\" target=\"_blank\" rel=\"noopener\">TERMO DE HOMOLOGA\u00c7\u00c3O<\/a><\/li><li style=\"text-align: left;\"><a href=\"https:\/\/www.ba.gov.br\/esporte\/sites\/site-sudesb\/files\/2025-05\/PARECERTECNICO75.pdf\" target=\"_blank\" rel=\"noopener\">PARECER T\u00c9CNICO<\/a><\/li><li style=\"text-align: left;\"><a href=\"https:\/\/www.ba.gov.br\/esporte\/sites\/site-sudesb\/files\/2025-05\/DESPACHODIRETOR75.pdf\" target=\"_blank\" rel=\"noopener\">DESPACHO DIRETOR\u00a0<\/a><\/li><\/ul><\/div><\/div><\/div>\t\t\t\t\t\t\t\t<\/div>\n\t\t\t\t<\/div>\n\t\t\t\t\t<\/div>\n\t\t\t\t<\/div>\n\t\t<div class=\"elementor-element elementor-element-bd574d8 e-flex e-con-boxed e-con e-parent\" data-id=\"bd574d8\" data-element_type=\"container\">\n\t\t\t\t\t<div class=\"e-con-inner\">\n\t\t\t\t<div class=\"elementor-element elementor-element-7f81e35 elementor-widget elementor-widget-text-editor\" data-id=\"7f81e35\" data-element_type=\"widget\" data-widget_type=\"text-editor.default\">\n\t\t\t\t<div class=\"elementor-widget-container\">\n\t\t\t\t\t\t\t\t\t<p class=\"font_8 wixui-rich-text__text\">\u00a0<\/p><div class=\"\" data-mesh-id=\"comp-ljfnjdopinlineContent\" data-testid=\"inline-content\"><div data-mesh-id=\"comp-ljfnjdopinlineContent-gridContainer\" data-testid=\"mesh-container-content\"><div id=\"comp-ljfnjdos\" class=\"MazNVa comp-ljfnjdos wixui-image\"><div class=\"j7pOnl\" data-testid=\"linkElement\"><img decoding=\"async\" class=\"size-medium wp-image-150 aligncenter\" src=\"https:\/\/fbaf.org.br\/wp-content\/uploads\/2024\/01\/CMQ-3-300x213.png\" alt=\"\" width=\"300\" height=\"213\" srcset=\"https:\/\/fbaf.org.br\/wp-content\/uploads\/2024\/01\/CMQ-3-300x213.png 300w, https:\/\/fbaf.org.br\/wp-content\/uploads\/2024\/01\/CMQ-3.png 501w\" sizes=\"(max-width: 300px) 100vw, 300px\" \/><\/div><\/div><div id=\"comp-ljfnjdp2\" class=\"KcpHeO tz5f0K comp-ljfnjdp2 wixui-rich-text\" data-testid=\"richTextElement\"><p class=\"font_3 wixui-rich-text__text\" style=\"text-align: center;\"><span class=\"wixui-rich-text__text\">TF 035\/2023<\/span><\/p><\/div><div id=\"comp-ljfnjdp5\" class=\"KcpHeO tz5f0K comp-ljfnjdp5 wixui-rich-text\" data-testid=\"richTextElement\"><h2 class=\"font_3 wixui-rich-text__text\" style=\"text-align: center;\"><span class=\"color_11 wixui-rich-text__text\"><span class=\"wixui-rich-text__text\">Campeonato Maria Quit\u00e9ria<\/span><\/span><\/h2><\/div><div id=\"comp-ljfnjdp8\" class=\"KcpHeO tz5f0K comp-ljfnjdp8 wixui-rich-text\" data-testid=\"richTextElement\"><p class=\"font_8 wixui-rich-text__text\" style=\"text-align: left;\"><span class=\"color_11 wixui-rich-text__text\"><span class=\"wixui-rich-text__text\">\u200bAbaixo segue link para os documentos do conv\u00eanio:<\/span><\/span><\/p><ul><li style=\"text-align: left;\"><a href=\"https:\/\/www.ba.gov.br\/esporte\/sites\/site-sudesb\/files\/migracao_2024\/arquivos\/File\/TERMO_DE_FOMENTO_2023\/35_2023\/TF35.pdf\" target=\"_blank\" rel=\"noopener\">TERMO DE FOMENTO<\/a><\/li><li style=\"text-align: left;\"><a href=\"https:\/\/www.ba.gov.br\/esporte\/sites\/site-sudesb\/files\/migracao_2024\/arquivos\/File\/TERMO_DE_FOMENTO_2023\/35_2023\/PT35.pdf\" target=\"_blank\" rel=\"noopener\">PUBLICA\u00c7\u00c3O DO TERMO DE FOMENTO<br \/><\/a><\/li><li style=\"text-align: left;\"><a href=\"https:\/\/www.ba.gov.br\/esporte\/sites\/site-sudesb\/files\/migracao_2024\/arquivos\/File\/TERMO_DE_FOMENTO_2023\/35_2023\/PAMA35.pdf\" target=\"_blank\" rel=\"noopener\">PLANEJAMENTO DAS ATIVIDADES DA COMISS\u00c3O DE MONITORAMENTO E AVALIA\u00c7\u00c3O<\/a><\/li><li style=\"text-align: left;\"><a href=\"https:\/\/www.ba.gov.br\/esporte\/sites\/site-sudesb\/files\/migracao_2024\/arquivos\/File\/TERMO_DE_FOMENTO_2023\/35_2023\/RMA35.pdf\" target=\"_blank\" rel=\"noopener\">RELAT\u00d3RIO T\u00c9CNICO DE MONITORAMENTO E AVALIA\u00c7\u00c3O<\/a><\/li><li style=\"text-align: left;\"><a href=\"https:\/\/www.ba.gov.br\/esporte\/sites\/site-sudesb\/files\/migracao_2024\/arquivos\/File\/TERMO_DE_FOMENTO_2023\/35_2023\/TH35.pdf\" target=\"_blank\" rel=\"noopener\">TERMO DE HOMOLOGA\u00c7\u00c3O<\/a><\/li><li style=\"text-align: left;\"><a href=\"https:\/\/www.ba.gov.br\/esporte\/sites\/site-sudesb\/files\/2024-12\/ParecerTecnico53.pdf\" target=\"_blank\" rel=\"noopener\">PARECER T\u00c9CNICO<\/a><\/li><li style=\"text-align: left;\"><a href=\"https:\/\/www.ba.gov.br\/esporte\/sites\/site-sudesb\/files\/2024-12\/Despacho35.pdf\" target=\"_blank\" rel=\"noopener\">DESPACHO DIRETOR<\/a><\/li><\/ul><\/div><\/div><\/div>\t\t\t\t\t\t\t\t<\/div>\n\t\t\t\t<\/div>\n\t\t\t\t\t<\/div>\n\t\t\t\t<\/div>\n\t\t\t\t<\/div>\n\t\t","protected":false},"excerpt":{"rendered":"<p>Conv\u00eanios Segue abaixo os conv\u00eanios celebrados entre a Federa\u00e7\u00e3o Baiana de Arco e Flecha e entidades de fomento e desenvolvimento esportivo. Conv\u00eanios s\u00e3o contratos feitos entre entidades p\u00fablicas com fins [&hellip;]<\/p>\n","protected":false},"author":1,"featured_media":0,"parent":0,"menu_order":0,"comment_status":"closed","ping_status":"closed","template":"","meta":{"ocean_post_layout":"","ocean_both_sidebars_style":"","ocean_both_sidebars_content_width":0,"ocean_both_sidebars_sidebars_width":0,"ocean_sidebar":"","ocean_second_sidebar":"","ocean_disable_margins":"enable","ocean_add_body_class":"","ocean_shortcode_before_top_bar":"","ocean_shortcode_after_top_bar":"","ocean_shortcode_before_header":"","ocean_shortcode_after_header":"","ocean_has_shortcode":"","ocean_shortcode_after_title":"","ocean_shortcode_before_footer_widgets":"","ocean_shortcode_after_footer_widgets":"","ocean_shortcode_before_footer_bottom":"","ocean_shortcode_after_footer_bottom":"","ocean_display_top_bar":"default","ocean_display_header":"default","ocean_header_style":"","ocean_center_header_left_menu":"","ocean_custom_header_template":"","ocean_custom_logo":0,"ocean_custom_retina_logo":0,"ocean_custom_logo_max_width":0,"ocean_custom_logo_tablet_max_width":0,"ocean_custom_logo_mobile_max_width":0,"ocean_custom_logo_max_height":0,"ocean_custom_logo_tablet_max_height":0,"ocean_custom_logo_mobile_max_height":0,"ocean_header_custom_menu":"","ocean_menu_typo_font_family":"","ocean_menu_typo_font_subset":"","ocean_menu_typo_font_size":0,"ocean_menu_typo_font_size_tablet":0,"ocean_menu_typo_font_size_mobile":0,"ocean_menu_typo_font_size_unit":"px","ocean_menu_typo_font_weight":"","ocean_menu_typo_font_weight_tablet":"","ocean_menu_typo_font_weight_mobile":"","ocean_menu_typo_transform":"","ocean_menu_typo_transform_tablet":"","ocean_menu_typo_transform_mobile":"","ocean_menu_typo_line_height":0,"ocean_menu_typo_line_height_tablet":0,"ocean_menu_typo_line_height_mobile":0,"ocean_menu_typo_line_height_unit":"","ocean_menu_typo_spacing":0,"ocean_menu_typo_spacing_tablet":0,"ocean_menu_typo_spacing_mobile":0,"ocean_menu_typo_spacing_unit":"","ocean_menu_link_color":"","ocean_menu_link_color_hover":"","ocean_menu_link_color_active":"","ocean_menu_link_background":"","ocean_menu_link_hover_background":"","ocean_menu_link_active_background":"","ocean_menu_social_links_bg":"","ocean_menu_social_hover_links_bg":"","ocean_menu_social_links_color":"","ocean_menu_social_hover_links_color":"","ocean_disable_title":"on","ocean_disable_heading":"default","ocean_post_title":"","ocean_post_subheading":"","ocean_post_title_style":"","ocean_post_title_background_color":"","ocean_post_title_background":0,"ocean_post_title_bg_image_position":"","ocean_post_title_bg_image_attachment":"","ocean_post_title_bg_image_repeat":"","ocean_post_title_bg_image_size":"","ocean_post_title_height":0,"ocean_post_title_bg_overlay":0.5,"ocean_post_title_bg_overlay_color":"","ocean_disable_breadcrumbs":"default","ocean_breadcrumbs_color":"","ocean_breadcrumbs_separator_color":"","ocean_breadcrumbs_links_color":"","ocean_breadcrumbs_links_hover_color":"","ocean_display_footer_widgets":"default","ocean_display_footer_bottom":"default","ocean_custom_footer_template":"","footnotes":""},"class_list":["post-101","page","type-page","status-publish","hentry","entry"],"_links":{"self":[{"href":"https:\/\/fbaf.org.br\/index.php\/wp-json\/wp\/v2\/pages\/101","targetHints":{"allow":["GET"]}}],"collection":[{"href":"https:\/\/fbaf.org.br\/index.php\/wp-json\/wp\/v2\/pages"}],"about":[{"href":"https:\/\/fbaf.org.br\/index.php\/wp-json\/wp\/v2\/types\/page"}],"author":[{"embeddable":true,"href":"https:\/\/fbaf.org.br\/index.php\/wp-json\/wp\/v2\/users\/1"}],"replies":[{"embeddable":true,"href":"https:\/\/fbaf.org.br\/index.php\/wp-json\/wp\/v2\/comments?post=101"}],"version-history":[{"count":49,"href":"https:\/\/fbaf.org.br\/index.php\/wp-json\/wp\/v2\/pages\/101\/revisions"}],"predecessor-version":[{"id":1541,"href":"https:\/\/fbaf.org.br\/index.php\/wp-json\/wp\/v2\/pages\/101\/revisions\/1541"}],"wp:attachment":[{"href":"https:\/\/fbaf.org.br\/index.php\/wp-json\/wp\/v2\/media?parent=101"}],"curies":[{"name":"wp","href":"https:\/\/api.w.org\/{rel}","templated":true}]}}